{"id":7190,"date":"2025-07-16T15:19:28","date_gmt":"2025-07-16T15:19:28","guid":{"rendered":"https:\/\/websalve.mx\/?page_id=7190"},"modified":"2025-07-16T17:41:26","modified_gmt":"2025-07-16T17:41:26","slug":"terminos-y-condiciones","status":"publish","type":"page","link":"https:\/\/websalve.mx\/en\/terminos-y-condiciones\/","title":{"rendered":"Terms &amp; Conditions"},"content":{"rendered":"<div data-elementor-type=\"wp-page\" data-elementor-id=\"7190\" class=\"elementor elementor-7190\" data-elementor-post-type=\"page\">\n\t\t\t\t<div class=\"elementor-element elementor-element-eff603a e-flex e-con-boxed e-con e-parent\" data-id=\"eff603a\" data-element_type=\"container\" data-e-type=\"container\">\n\t\t\t\t\t<div class=\"e-con-inner\">\n\t\t\t\t<div class=\"elementor-element elementor-element-28c5579 elementor-widget elementor-widget-heading\" data-id=\"28c5579\" data-element_type=\"widget\" data-e-type=\"widget\" data-widget_type=\"heading.default\">\n\t\t\t\t<div class=\"elementor-widget-container\">\n\t\t\t\t\t<h2 class=\"elementor-heading-title elementor-size-default\">Terms &amp; Conditions<\/h2>\t\t\t\t<\/div>\n\t\t\t\t<\/div>\n\t\t\t\t<div class=\"elementor-element elementor-element-4e5ecb1 elementor-widget elementor-widget-text-editor\" data-id=\"4e5ecb1\" data-element_type=\"widget\" data-e-type=\"widget\" data-widget_type=\"text-editor.default\">\n\t\t\t\t<div class=\"elementor-widget-container\">\n\t\t\t\t\t\t\t\t\t<p>By accessing and using this website, you agree to be bound by the following Terms and Conditions. If you do not agree, please refrain from using the site.<\/p><div>\u00a0<\/div><h3>1. Purpose of the Site<\/h3><p class=\"translation-block\"><strong>Websalve<\/strong> is a marketing agency committed to providing creative, strategic, and technological services to enhance the digital presence of clients. We publish content related to branding, web design, advertising campaigns, social media, automation, and educational resources.<\/p><div>\u00a0<\/div><h3>2. Acceptable Use<\/h3><p>You agree to use this website responsibly and lawfully. Prohibited activities include:<\/p><ul><li><p>Publishing offensive, defamatory, or discriminatory content.<\/p><\/li><li><p>Using the site for unauthorized or fraudulent commercial purposes.<\/p><\/li><li><p>Attempting to interfere with site functionality or access restricted areas.<\/p><\/li><\/ul><div>\u00a0<\/div><h3>3. User Content<\/h3><p>When posting comments, submitting forms, or sharing content:<\/p><ul><li><p>You affirm that you hold the rights necessary to distribute such content.<\/p><\/li><li><p class=\"translation-block\">You grant <strong>Websalve<\/strong> a non-exclusive license to display, edit, or remove content if it violates these Terms.<\/p><\/li><li><p class=\"translation-block\"><strong>Websalve<\/strong> reserves the right to moderate or delete user content without prior notice.<\/p><\/li><\/ul><div>\u00a0<\/div><h3>4. Intellectual Property<\/h3><p class=\"translation-block\">Unless otherwise stated, all original materials (text, images, videos, designs, etc.) published on this website are the property of <strong>Websalve<\/strong> or its respective authors. Reproduction, distribution, or modification is prohibited without prior written permission.<\/p><div>\u00a0<\/div><h3>5. Third-Party Links<\/h3><p>The site may include links to third-party platforms, such as marketing tools, social media channels, or educational resources. Websalve is not responsible for the content or privacy policies of those external websites.<\/p><div>\u00a0<\/div><h3>6. Cookies and Data<\/h3><p class=\"translation-block\">This site uses cookies to improve user experience. By browsing <strong>Websalve<\/strong>, you consent to our use of cookies in accordance with our <span style=\"color: #3366ff\"><a style=\"color: #3366ff\" href=\"http:\/\/websalve.mx\/en\/politica-de-privacidad\/\" target=\"_blank\" rel=\"noopener\"><strong>Privacy Policy<\/strong><\/a><\/span><\/p><div>\u00a0<\/div><h3>7. Disclaimer<\/h3><p class=\"translation-block\">All content provided on this site is for informational purposes only and does not constitute professional advice. <strong>Websalve<\/strong> does not guarantee the accuracy or availability of content and is not liable for decisions made based on the information provided.<\/p><div>\u00a0<\/div><h3>8. Changes to These Terms<\/h3><p><strong>Websalve<\/strong> reserves the right to update these Terms and Conditions at any time. Continued use of the site after changes are made implies acceptance of the revised Terms.<\/p><div>\u00a0<\/div><h3>9. Contact<\/h3><p class=\"translation-block\">For questions regarding these Terms and Conditions, please contact: <span style=\"color: #3366ff\"><a style=\"color: #3366ff\" href=\"mailto:info@websalve.com\" target=\"_blank\" rel=\"noopener\"><strong>info@websalve.com<\/strong><\/a><\/span><\/p>\t\t\t\t\t\t\t\t<\/div>\n\t\t\t\t<\/div>\n\t\t\t\t\t<\/div>\n\t\t\t\t<\/div>\n\t\t\t\t<\/div>","protected":false},"excerpt":{"rendered":"<p>T\u00e9rminos y Condiciones Al acceder y utilizar este sitio web, usted acepta estar sujeto a los siguientes T\u00e9rminos y Condiciones. Si no est\u00e1 de acuerdo con alguno de ellos, por favor abst\u00e9ngase de usar el sitio. \u00a0 1. Prop\u00f3sito del Sitio Websalve es una agencia de marketing dedicada a ofrecer servicios creativos, estrat\u00e9gicos y tecnol\u00f3gicos [&hellip;]<\/p>\n","protected":false},"author":5,"featured_media":0,"parent":0,"menu_order":0,"comment_status":"closed","ping_status":"closed","template":"","meta":{"_acf_changed":false,"footnotes":""},"class_list":["post-7190","page","type-page","status-publish","hentry"],"acf":[],"_links":{"self":[{"href":"https:\/\/websalve.mx\/en\/wp-json\/wp\/v2\/pages\/7190","targetHints":{"allow":["GET"]}}],"collection":[{"href":"https:\/\/websalve.mx\/en\/wp-json\/wp\/v2\/pages"}],"about":[{"href":"https:\/\/websalve.mx\/en\/wp-json\/wp\/v2\/types\/page"}],"author":[{"embeddable":true,"href":"https:\/\/websalve.mx\/en\/wp-json\/wp\/v2\/users\/5"}],"replies":[{"embeddable":true,"href":"https:\/\/websalve.mx\/en\/wp-json\/wp\/v2\/comments?post=7190"}],"version-history":[{"count":5,"href":"https:\/\/websalve.mx\/en\/wp-json\/wp\/v2\/pages\/7190\/revisions"}],"predecessor-version":[{"id":7229,"href":"https:\/\/websalve.mx\/en\/wp-json\/wp\/v2\/pages\/7190\/revisions\/7229"}],"wp:attachment":[{"href":"https:\/\/websalve.mx\/en\/wp-json\/wp\/v2\/media?parent=7190"}],"curies":[{"name":"wp","href":"https:\/\/api.w.org\/{rel}","templated":true}]}}