{"id":6963,"date":"2025-07-11T19:43:37","date_gmt":"2025-07-11T19:43:37","guid":{"rendered":"https:\/\/websalve.mx\/?page_id=6963"},"modified":"2025-07-16T16:15:49","modified_gmt":"2025-07-16T16:15:49","slug":"nosotros","status":"publish","type":"page","link":"https:\/\/websalve.mx\/en\/nosotros\/","title":{"rendered":"About Us"},"content":{"rendered":"<div data-elementor-type=\"wp-page\" data-elementor-id=\"6963\" class=\"elementor elementor-6963\" data-elementor-post-type=\"page\">\n\t\t\t\t<div class=\"elementor-element elementor-element-322a420 e-flex e-con-boxed e-con e-parent\" data-id=\"322a420\" data-element_type=\"container\" data-e-type=\"container\">\n\t\t\t\t\t<div class=\"e-con-inner\">\n\t\t\t\t<div class=\"elementor-element elementor-element-82797a0 elementor-widget elementor-widget-heading\" data-id=\"82797a0\" data-element_type=\"widget\" data-e-type=\"widget\" data-widget_type=\"heading.default\">\n\t\t\t\t<div class=\"elementor-widget-container\">\n\t\t\t\t\t<h2 class=\"elementor-heading-title elementor-size-default\">Our Mission<\/h2>\t\t\t\t<\/div>\n\t\t\t\t<\/div>\n\t\t\t\t<div class=\"elementor-element elementor-element-7856e9c elementor-widget elementor-widget-text-editor\" data-id=\"7856e9c\" data-element_type=\"widget\" data-e-type=\"widget\" data-widget_type=\"text-editor.default\">\n\t\t\t\t<div class=\"elementor-widget-container\">\n\t\t\t\t\t\t\t\t\t<p class=\"translation-block\">At Websalve, our mission is to empower businesses with exceptional digital assets built on a foundation of <b>honesty, transparency, and speed<\/b>. We believe in providing our clients with comprehensive solutions that drive their success online.<\/p>\t\t\t\t\t\t\t\t<\/div>\n\t\t\t\t<\/div>\n\t\t\t\t\t<\/div>\n\t\t\t\t<\/div>\n\t\t<div class=\"elementor-element elementor-element-a8044ac e-flex e-con-boxed e-con e-parent\" data-id=\"a8044ac\" data-element_type=\"container\" data-e-type=\"container\">\n\t\t\t\t\t<div class=\"e-con-inner\">\n\t\t\t\t<div class=\"elementor-element elementor-element-da62010 elementor-widget elementor-widget-heading\" data-id=\"da62010\" data-element_type=\"widget\" data-e-type=\"widget\" data-widget_type=\"heading.default\">\n\t\t\t\t<div class=\"elementor-widget-container\">\n\t\t\t\t\t<h2 class=\"elementor-heading-title elementor-size-default\">Our Commitment to Our Team<\/h2>\t\t\t\t<\/div>\n\t\t\t\t<\/div>\n\t\t\t\t<div class=\"elementor-element elementor-element-d99b235 elementor-widget elementor-widget-text-editor\" data-id=\"d99b235\" data-element_type=\"widget\" data-e-type=\"widget\" data-widget_type=\"text-editor.default\">\n\t\t\t\t<div class=\"elementor-widget-container\">\n\t\t\t\t\t\t\t\t\t<p class=\"translation-block\">We understand that our success is directly linked to the well-being and expertise of our team. That's why we are deeply committed to fostering a supportive and rewarding environment for all Websalve employees. We offer <b>competitive compensation<\/b>, including generous summer and winter bonuses, and ensure that <b>every team member earns the same rate<\/b>, regardless of their role. To reflect our growth and commitment to our staff, we provide an <b>annual wage increase<\/b> on January 1st, mirroring the percentage rise in our customer prices, currently 5% per year. Furthermore, we invest in our team's continuous growth through <b>ongoing training and development opportunities<\/b>, encouraging them to explore and expand their skillsets.<\/p>\t\t\t\t\t\t\t\t<\/div>\n\t\t\t\t<\/div>\n\t\t\t\t\t<\/div>\n\t\t\t\t<\/div>\n\t\t<div class=\"elementor-element elementor-element-61aa582 e-flex e-con-boxed e-con e-parent\" data-id=\"61aa582\" data-element_type=\"container\" data-e-type=\"container\">\n\t\t\t\t\t<div class=\"e-con-inner\">\n\t\t\t\t<div class=\"elementor-element elementor-element-00616ce elementor-widget elementor-widget-heading\" data-id=\"00616ce\" data-element_type=\"widget\" data-e-type=\"widget\" data-widget_type=\"heading.default\">\n\t\t\t\t<div class=\"elementor-widget-container\">\n\t\t\t\t\t<h2 class=\"elementor-heading-title elementor-size-default\">Giving Back to the Community<\/h2>\t\t\t\t<\/div>\n\t\t\t\t<\/div>\n\t\t\t\t<div class=\"elementor-element elementor-element-7ac9e03 elementor-widget elementor-widget-text-editor\" data-id=\"7ac9e03\" data-element_type=\"widget\" data-e-type=\"widget\" data-widget_type=\"text-editor.default\">\n\t\t\t\t<div class=\"elementor-widget-container\">\n\t\t\t\t\t\t\t\t\t<p class=\"translation-block\">Beyond our client work, Websalve is dedicated to making a positive impact on the community. For every <b>nine businesses we partner with, we provide our services to one additional business completely free of charge<\/b>. This initiative is specifically designed to support individuals, businesses, and organizations who lack the financial resources to establish an online presence and would otherwise be unable to succeed in the digital landscape without our help. We believe in leveling the playing field and providing opportunities for all to thrive online.<\/p>\t\t\t\t\t\t\t\t<\/div>\n\t\t\t\t<\/div>\n\t\t\t\t\t<\/div>\n\t\t\t\t<\/div>\n\t\t<div class=\"elementor-element elementor-element-a1b8d0c e-flex e-con-boxed e-con e-parent\" data-id=\"a1b8d0c\" data-element_type=\"container\" data-e-type=\"container\">\n\t\t\t\t\t<div class=\"e-con-inner\">\n\t\t\t\t<div class=\"elementor-element elementor-element-9293df4 elementor-widget elementor-widget-heading\" data-id=\"9293df4\" data-element_type=\"widget\" data-e-type=\"widget\" data-widget_type=\"heading.default\">\n\t\t\t\t<div class=\"elementor-widget-container\">\n\t\t\t\t\t<h2 class=\"elementor-heading-title elementor-size-default\">Building a Tech Hub<\/h2>\t\t\t\t<\/div>\n\t\t\t\t<\/div>\n\t\t\t\t<div class=\"elementor-element elementor-element-8960517 elementor-widget elementor-widget-text-editor\" data-id=\"8960517\" data-element_type=\"widget\" data-e-type=\"widget\" data-widget_type=\"text-editor.default\">\n\t\t\t\t<div class=\"elementor-widget-container\">\n\t\t\t\t\t\t\t\t\t<p class=\"translation-block\">A key goal for Websalve is to establish a <b>vibrant tech hub right here in San Miguel de Cozumel, Quintana Roo, Mexico<\/b>. We're passionate about <b>cultivating local talent<\/b> by encouraging the training and education of local people in the various technology areas we specialize in. This dedicated team will not only service clients both locally and globally but also contribute to building a strong, skilled workforce within our community.<\/p>\t\t\t\t\t\t\t\t<\/div>\n\t\t\t\t<\/div>\n\t\t\t\t\t<\/div>\n\t\t\t\t<\/div>\n\t\t\t\t<\/div>","protected":false},"excerpt":{"rendered":"<p>Nuestra Misi\u00f3n En Websalve, nuestra misi\u00f3n es potenciar a las empresas mediante activos digitales excepcionales, construidos sobre los pilares de honestidad, transparencia y velocidad. Creemos en brindar a nuestros clientes soluciones integrales que impulsen su \u00e9xito en l\u00ednea. Nuestro Compromiso con el Equipo Entendemos que nuestro \u00e9xito est\u00e1 directamente vinculado al bienestar y la experiencia [&hellip;]<\/p>\n","protected":false},"author":5,"featured_media":0,"parent":0,"menu_order":0,"comment_status":"closed","ping_status":"closed","template":"","meta":{"_acf_changed":false,"footnotes":""},"class_list":["post-6963","page","type-page","status-publish","hentry"],"acf":[],"_links":{"self":[{"href":"https:\/\/websalve.mx\/en\/wp-json\/wp\/v2\/pages\/6963","targetHints":{"allow":["GET"]}}],"collection":[{"href":"https:\/\/websalve.mx\/en\/wp-json\/wp\/v2\/pages"}],"about":[{"href":"https:\/\/websalve.mx\/en\/wp-json\/wp\/v2\/types\/page"}],"author":[{"embeddable":true,"href":"https:\/\/websalve.mx\/en\/wp-json\/wp\/v2\/users\/5"}],"replies":[{"embeddable":true,"href":"https:\/\/websalve.mx\/en\/wp-json\/wp\/v2\/comments?post=6963"}],"version-history":[{"count":5,"href":"https:\/\/websalve.mx\/en\/wp-json\/wp\/v2\/pages\/6963\/revisions"}],"predecessor-version":[{"id":7211,"href":"https:\/\/websalve.mx\/en\/wp-json\/wp\/v2\/pages\/6963\/revisions\/7211"}],"wp:attachment":[{"href":"https:\/\/websalve.mx\/en\/wp-json\/wp\/v2\/media?parent=6963"}],"curies":[{"name":"wp","href":"https:\/\/api.w.org\/{rel}","templated":true}]}}